{"id":7265,"date":"2025-11-15T16:22:21","date_gmt":"2025-11-15T16:22:21","guid":{"rendered":"https:\/\/zeitfuerzirkus.de\/?page_id=7265"},"modified":"2025-12-02T09:40:18","modified_gmt":"2025-12-02T09:40:18","slug":"zirkus-zum-lesen","status":"publish","type":"page","link":"https:\/\/zeitfuerzirkus.de\/en\/zirkus-zum-lesen","title":{"rendered":"ZIRKUS ZUM LESEN"},"content":{"rendered":"<p><\/p>\n\n\n\n<h2 class=\"wp-block-heading\">ZIRKUS ZUM LESEN<\/h2>\n\n\n\n<div class=\"wp-block-media-text is-stacked-on-mobile\"><figure class=\"wp-block-media-text__media\"><img fetchpriority=\"high\" decoding=\"async\" width=\"1000\" height=\"250\" src=\"https:\/\/zeitfuerzirkus.de\/wp-content\/uploads\/2025\/09\/Banner-ZEIT-ZUM-REDEN_ohne-Logos.png\" alt=\"\" class=\"wp-image-7107 size-full\" srcset=\"https:\/\/zeitfuerzirkus.de\/wp-content\/uploads\/2025\/09\/Banner-ZEIT-ZUM-REDEN_ohne-Logos.png 1000w, https:\/\/zeitfuerzirkus.de\/wp-content\/uploads\/2025\/09\/Banner-ZEIT-ZUM-REDEN_ohne-Logos-300x75.png 300w, https:\/\/zeitfuerzirkus.de\/wp-content\/uploads\/2025\/09\/Banner-ZEIT-ZUM-REDEN_ohne-Logos-768x192.png 768w, https:\/\/zeitfuerzirkus.de\/wp-content\/uploads\/2025\/09\/Banner-ZEIT-ZUM-REDEN_ohne-Logos-18x5.png 18w\" sizes=\"(max-width: 1000px) 100vw, 1000px\" \/><\/figure><div class=\"wp-block-media-text__content\">\n<p><strong>Beitr\u00e4ge zum Nachlesen im Rahmen von ZEIT ZUM REDEN &#8211; Das Diskurprogramm zu ZEIT F\u00dcR ZIRKUS<\/strong><\/p>\n<\/div><\/div>\n\n\n\n<div style=\"height:100px\" aria-hidden=\"true\" class=\"wp-block-spacer\"><\/div>\n\n\n\n<p><\/p>\n\n\n\n<h2 class=\"wp-block-heading\">Blogbeitrag: Ein Mehrg\u00e4nge-Men\u00fc des Zeitgen\u00f6ssischen Zirkus <\/h2>\n\n\n\n<p>Von Swantje Kawecki<br><a href=\"https:\/\/www.zirkus-on.de\/podcast\/https:\/\/www.zirkus-on.de\/podcast\/\" target=\"_blank\" rel=\"noreferrer noopener\">Ver\u00f6ffentlicht am 15.11.2025 auf ZirkusPlus<\/a> &#8211; dem Onlineportal f\u00fcr Zirkus im deutschsprachigen Raum. <\/p>\n\n\n\n<figure class=\"wp-block-embed is-type-wp-embed is-provider-zirkusplus wp-block-embed-zirkusplus\"><div class=\"wp-block-embed__wrapper\">\nhttps:\/\/zirkusplus.de\/ein-mehrgaenge-menue-des-zeitgenoessischen-zirkus-zeit-fuer-zirkus-2025\/\n<\/div><\/figure>\n\n\n\n<hr class=\"wp-block-separator has-alpha-channel-opacity is-style-wide\"\/>\n\n\n\n<h2 class=\"wp-block-heading\">Blogbeitrag: Keine R\u00e4ume, Keine Kunst &#8211; Die Zukunft der Freien Darstellenden K\u00fcnste in K\u00f6ln<\/h2>\n\n\n\n<p>Von Mareike Lyssy<\/p>\n\n\n\n<p><a href=\"https:\/\/zirkusplus.de\/keine-raeume-keine-kunst-die-zukunft-der-freien-darstellenden-kuenste-in-koeln\/\" target=\"_blank\" rel=\"noreferrer noopener\">Ver\u00f6ffentlicht am 17.11.2025 auf ZirkusPlus<\/a> &#8211; dem Onlineportal f\u00fcr Zirkus im deutschsprachigen Raum.<\/p>\n\n\n\n<figure class=\"wp-block-embed is-type-wp-embed is-provider-zirkusplus wp-block-embed-zirkusplus\"><div class=\"wp-block-embed__wrapper\">\n<div class=\"oceanwp-oembed-wrap clr\"><blockquote class=\"wp-embedded-content\" data-secret=\"PQa8PpcCVj\"><a href=\"https:\/\/zirkusplus.de\/keine-raeume-keine-kunst-die-zukunft-der-freien-darstellenden-kuenste-in-koeln\/\">Keine R\u00e4ume, keine Kunst &#8211; Die Zukunft der Freien Darstellenden K\u00fcnste in K\u00f6ln<\/a><\/blockquote><iframe class=\"wp-embedded-content\" sandbox=\"allow-scripts\" security=\"restricted\" style=\"position: absolute; visibility: hidden;\" title=\"&#8222;Keine R\u00e4ume, keine Kunst &#8211; Die Zukunft der Freien Darstellenden K\u00fcnste in K\u00f6ln&#8220; &#8212; ZirkusPlus\" src=\"https:\/\/zirkusplus.de\/keine-raeume-keine-kunst-die-zukunft-der-freien-darstellenden-kuenste-in-koeln\/embed\/#?secret=7n0l7NYx5C#?secret=PQa8PpcCVj\" data-secret=\"PQa8PpcCVj\" width=\"600\" height=\"338\" frameborder=\"0\" marginwidth=\"0\" marginheight=\"0\" scrolling=\"no\"><\/iframe><\/div>\n<\/div><\/figure>\n\n\n\n<hr class=\"wp-block-separator has-alpha-channel-opacity is-style-wide\"\/>\n\n\n\n<h2 class=\"wp-block-heading\">Blogbeitrag: Schauspiel K\u00f6ln \u00f6ffnet seine T\u00fcren f\u00fcr den Zeitgen\u00f6ssischen Zirkus<\/h2>\n\n\n\n<p>Von Swantje Kawecki<br><a href=\"https:\/\/zirkusplus.de\/schauspiel-koeln-oeffnet-seine-tueren-fuer-den-zeitgenoessischen-zirkus\/\" target=\"_blank\" rel=\"noreferrer noopener\">Ver\u00f6ffentlicht am 19.11.2025 auf Zirkus Plus<\/a> &#8211; dem Onlineportal f\u00fcr Zirkus im deutschsprachigen Raum.<\/p>\n\n\n\n<figure class=\"wp-block-embed is-type-wp-embed is-provider-zirkusplus wp-block-embed-zirkusplus\"><div class=\"wp-block-embed__wrapper\">\n<div class=\"oceanwp-oembed-wrap clr\"><blockquote class=\"wp-embedded-content\" data-secret=\"xLAWnsnHEn\"><a href=\"https:\/\/zirkusplus.de\/schauspiel-koeln-oeffnet-seine-tueren-fuer-den-zeitgenoessischen-zirkus\/\">Schauspiel K\u00f6ln \u00f6ffnet seine T\u00fcren f\u00fcr den zeitgen\u00f6ssischen Zirkus<\/a><\/blockquote><iframe class=\"wp-embedded-content\" sandbox=\"allow-scripts\" security=\"restricted\" style=\"position: absolute; visibility: hidden;\" title=\"&#8222;Schauspiel K\u00f6ln \u00f6ffnet seine T\u00fcren f\u00fcr den zeitgen\u00f6ssischen Zirkus&#8220; &#8212; ZirkusPlus\" src=\"https:\/\/zirkusplus.de\/schauspiel-koeln-oeffnet-seine-tueren-fuer-den-zeitgenoessischen-zirkus\/embed\/#?secret=78rxy5pfcn#?secret=xLAWnsnHEn\" data-secret=\"xLAWnsnHEn\" width=\"600\" height=\"338\" frameborder=\"0\" marginwidth=\"0\" marginheight=\"0\" scrolling=\"no\"><\/iframe><\/div>\n<\/div><\/figure>\n\n\n\n<hr class=\"wp-block-separator has-alpha-channel-opacity is-style-wide\"\/>\n\n\n\n<h2 class=\"wp-block-heading\">Blogbeitrag: Du willst es du kriegst es &#8211; Im Rausch der Modeindustrie<\/h2>\n\n\n\n<p>Von Vanessa Melde<\/p>\n\n\n\n<p><a href=\"https:\/\/zirkusplus.de\/du-willst-es-du-kriegst-es-im-rausch-der-modeindustrie\/\" target=\"_blank\" rel=\"noreferrer noopener\">Ver\u00f6ffentlicht am 20.11.2025 auf Zirkus Plus<\/a> &#8211; dem Onlineportal f\u00fcr Zirkus im deutschsprachigen Raum.<\/p>\n\n\n\n<figure class=\"wp-block-embed is-type-wp-embed is-provider-zirkusplus wp-block-embed-zirkusplus\"><div class=\"wp-block-embed__wrapper\">\n<div class=\"oceanwp-oembed-wrap clr\"><blockquote class=\"wp-embedded-content\" data-secret=\"kiHNhmzgHy\"><a href=\"https:\/\/zirkusplus.de\/du-willst-es-du-kriegst-es-im-rausch-der-modeindustrie\/\">Du willst es, du kriegst es \u2013 im Rausch der Modeindustrie<\/a><\/blockquote><iframe class=\"wp-embedded-content\" sandbox=\"allow-scripts\" security=\"restricted\" style=\"position: absolute; visibility: hidden;\" title=\"&#8222;Du willst es, du kriegst es \u2013 im Rausch der Modeindustrie&#8220; &#8212; ZirkusPlus\" src=\"https:\/\/zirkusplus.de\/du-willst-es-du-kriegst-es-im-rausch-der-modeindustrie\/embed\/#?secret=llTsJNQpFX#?secret=kiHNhmzgHy\" data-secret=\"kiHNhmzgHy\" width=\"600\" height=\"338\" frameborder=\"0\" marginwidth=\"0\" marginheight=\"0\" scrolling=\"no\"><\/iframe><\/div>\n<\/div><\/figure>\n\n\n\n<hr class=\"wp-block-separator has-alpha-channel-opacity is-style-wide\"\/>\n\n\n\n<h2 class=\"wp-block-heading\">Blogbeitrag: Pamela Banchetti &#8211; Ein Faden ohne Halt<\/h2>\n\n\n\n<p>Von Thadd\u00e4us Maria Jungmann<\/p>\n\n\n\n<p><a href=\"https:\/\/zirkusplus.de\/du-wilhttps:\/\/zirkusplus.de\/pamela-banchetti-ein-faden-ohne-halt\/\" target=\"_blank\" rel=\"noreferrer noopener\">Ver\u00f6ffentlicht am 24.11.2025 auf Zirkus Plus<\/a> &#8211; dem Onlineportal f\u00fcr Zirkus im deutschsprachigen Raum.<\/p>\n\n\n\n<figure class=\"wp-block-embed is-type-wp-embed is-provider-zirkusplus wp-block-embed-zirkusplus\"><div class=\"wp-block-embed__wrapper\">\n<div class=\"oceanwp-oembed-wrap clr\"><blockquote class=\"wp-embedded-content\" data-secret=\"FqpPJVoL84\"><a href=\"https:\/\/zirkusplus.de\/pamela-banchetti-ein-faden-ohne-halt\/\">Pamela Banchetti \u2013 Ein Faden ohne Halt<\/a><\/blockquote><iframe class=\"wp-embedded-content\" sandbox=\"allow-scripts\" security=\"restricted\" style=\"position: absolute; visibility: hidden;\" title=\"&#8222;Pamela Banchetti \u2013 Ein Faden ohne Halt&#8220; &#8212; ZirkusPlus\" src=\"https:\/\/zirkusplus.de\/pamela-banchetti-ein-faden-ohne-halt\/embed\/#?secret=mpiH5VjLCn#?secret=FqpPJVoL84\" data-secret=\"FqpPJVoL84\" width=\"600\" height=\"338\" frameborder=\"0\" marginwidth=\"0\" marginheight=\"0\" scrolling=\"no\"><\/iframe><\/div>\n<\/div><\/figure>\n\n\n\n<hr class=\"wp-block-separator has-alpha-channel-opacity is-style-wide\"\/>\n\n\n\n<h2 class=\"wp-block-heading\">Blogbeitrag: Benjamin Richter &#8211; Ein St\u00fcck Papier f\u00fcr aufmerksame K\u00f6pfe und nachdenkliche Blicke<\/h2>\n\n\n\n<p>Von Mar\u00eda Arenas Romero<\/p>\n\n\n\n<p><a href=\"https:\/\/zirkusplus.de\/benjamin-richter-ein-stueck-papier-fuer-aufmerksame-koepfe-und-nachdenkliche-blicke\/\" target=\"_blank\" rel=\"noreferrer noopener\">Ver\u00f6ffentlicht am 28.11.2025 auf Zirkus Plus<\/a> &#8211; dem Onlineportal f\u00fcr Zirkus im deutschsprachigen Raum.<\/p>\n\n\n\n<figure class=\"wp-block-embed is-type-wp-embed is-provider-zirkusplus wp-block-embed-zirkusplus\"><div class=\"wp-block-embed__wrapper\">\n<div class=\"oceanwp-oembed-wrap clr\"><blockquote class=\"wp-embedded-content\" data-secret=\"b4RyOheX3M\"><a href=\"https:\/\/zirkusplus.de\/benjamin-richter-ein-stueck-papier-fuer-aufmerksame-koepfe-und-nachdenkliche-blicke\/\">Benjamin Richter \u2013 ein St\u00fcck Papier f\u00fcr aufmerksame K\u00f6pfe und nachdenkliche Blicke<\/a><\/blockquote><iframe class=\"wp-embedded-content\" sandbox=\"allow-scripts\" security=\"restricted\" style=\"position: absolute; visibility: hidden;\" title=\"&#8222;Benjamin Richter \u2013 ein St\u00fcck Papier f\u00fcr aufmerksame K\u00f6pfe und nachdenkliche Blicke&#8220; &#8212; ZirkusPlus\" src=\"https:\/\/zirkusplus.de\/benjamin-richter-ein-stueck-papier-fuer-aufmerksame-koepfe-und-nachdenkliche-blicke\/embed\/#?secret=ritjXjL6VX#?secret=b4RyOheX3M\" data-secret=\"b4RyOheX3M\" width=\"600\" height=\"338\" frameborder=\"0\" marginwidth=\"0\" marginheight=\"0\" scrolling=\"no\"><\/iframe><\/div>\n<\/div><\/figure>\n\n\n\n<hr class=\"wp-block-separator has-alpha-channel-opacity is-style-wide\"\/>\n\n\n\n<p><em>Dieser Beitrag ist Teil der Berichterstattung zu ZEIT F\u00dcR ZIRKUS &#8211; ZEIT ZUM REDEN, organisiert vom Bundesverband Zeitgen\u00f6ssischer Zirkus e.V. und gef\u00f6rdert vom Fonds Darstellende K\u00fcnste und dem Kulturamt der Stadt K\u00f6ln.<\/em><\/p>\n\n\n\n<div class=\"wp-block-essential-blocks-button  root-eb-button-pub0s\"><div class=\"eb-parent-wrapper eb-parent-eb-button-pub0s\"><div class=\"eb-button-wrapper eb-button-alignment eb-button-pub0s\"><div class=\"eb-button\"><div class=\"eb-button-inner-wrapper\"><a class=\"eb-button-anchor\" href=\"https:\/\/www.zirkus-on.de\/podcast\/https:\/\/www.zirkus-on.de\/podcast\/\" rel=\"noopener\">To the Programme 2025<\/a><\/div><\/div><\/div><\/div><\/div>\n\n\n\n<div style=\"height:0px\" aria-hidden=\"true\" class=\"wp-block-spacer\"><\/div>\n\n\n\n<p><\/p>\n\n\n\n<h2 class=\"wp-block-heading\">F\u00f6rderer und Partner:innen<\/h2>\n\n\n\n<p>ZEIT ZUM REDEN wird gef\u00f6rdert durch den Fonds Darstellende K\u00fcnste aus Mitteln des Beauftragten der Bundesregierung f\u00fcr Kultur und Medien und findet in Kooperation mit sieben f\u00fchrenden Veranstaltungsorten und Initiativen f\u00fcr Zeitgen\u00f6ssischen Zirkus in Deutschland statt:&nbsp;<a href=\"https:\/\/chamaeleonberlin.com\/de\/\" target=\"_blank\" rel=\"noreferrer noopener\">Cham\u00e4leon Theater Berlin<\/a>,&nbsp;<a href=\"https:\/\/www.societaetstheater.de\/\" target=\"_blank\" rel=\"noreferrer noopener\">Societaetstheater Dresden<\/a>,&nbsp;<a href=\"https:\/\/www.lofft.de\/\" target=\"_blank\" rel=\"noreferrer noopener\">LOFFT \u2013 DAS THEATER<\/a>&nbsp;Leipzig,&nbsp;<a href=\"https:\/\/www.prt-bochum.de\/\" target=\"_blank\" rel=\"noreferrer noopener\">Prinz Regent Theater Bochum<\/a>,&nbsp;<a href=\"http:\/\/atemzug-ev.de\/\">Atemzug e.V.<\/a>&nbsp;K\u00f6ln,&nbsp;<a href=\"https:\/\/www.tollhaus.de\/\" target=\"_blank\" rel=\"noreferrer noopener\">Kulturzentrum Tollhaus<\/a>&nbsp;Karlsruhe und&nbsp;<a href=\"https:\/\/www.munich-circus-arts.de\/\" target=\"_blank\" rel=\"noreferrer noopener\">Munich Circus Arts<\/a>.<\/p>\n\n\n\n<p>Digitale Kooperation:&nbsp;<a href=\"https:\/\/bundesverband-zeitgenoessischer-zirkus.de\/\" target=\"_blank\" rel=\"noreferrer noopener\">Zirkus ON \u2013 Kreationsb\u00fcndnis f\u00fcr Zirkuskunst<\/a><\/p>\n\n\n\n<p>media partner:&nbsp;<a href=\"https:\/\/www.arte.tv\/de\/\" target=\"_blank\" rel=\"noreferrer noopener\">arte<\/a><\/p>\n\n\n\n<figure class=\"wp-block-image size-large\"><img decoding=\"async\" width=\"1024\" height=\"114\" src=\"https:\/\/zeitfuerzirkus.de\/wp-content\/uploads\/2025\/11\/1000000115-1-1024x114.png\" alt=\"\" class=\"wp-image-7986\" srcset=\"https:\/\/zeitfuerzirkus.de\/wp-content\/uploads\/2025\/11\/1000000115-1-1024x114.png 1024w, https:\/\/zeitfuerzirkus.de\/wp-content\/uploads\/2025\/11\/1000000115-1-300x33.png 300w, https:\/\/zeitfuerzirkus.de\/wp-content\/uploads\/2025\/11\/1000000115-1-768x85.png 768w, https:\/\/zeitfuerzirkus.de\/wp-content\/uploads\/2025\/11\/1000000115-1-1536x170.png 1536w, https:\/\/zeitfuerzirkus.de\/wp-content\/uploads\/2025\/11\/1000000115-1-2048x227.png 2048w, https:\/\/zeitfuerzirkus.de\/wp-content\/uploads\/2025\/11\/1000000115-1-18x2.png 18w\" sizes=\"(max-width: 1024px) 100vw, 1024px\" \/><\/figure>\n\n\n\n<p><\/p>","protected":false},"excerpt":{"rendered":"<p>ZIRKUS ZUM LESEN Beitr\u00e4ge zum Nachlesen im Rahmen von ZEIT ZUM REDEN &#8211; Das Diskurprogramm zu ZEIT F\u00dcR ZIRKUS Blogbeitrag: Ein Mehrg\u00e4nge-Men\u00fc des Zeitgen\u00f6ssischen Zirkus Von Swantje KaweckiVer\u00f6ffentlicht am 15.11.2025 auf ZirkusPlus &#8211; dem Onlineportal f\u00fcr Zirkus im deutschsprachigen Raum. Blogbeitrag: Keine R\u00e4ume, Keine Kunst &#8211; Die Zukunft der Freien Darstellenden K\u00fcnste in K\u00f6ln Von [&hellip;]<\/p>\n","protected":false},"author":11,"featured_media":0,"parent":0,"menu_order":0,"comment_status":"closed","ping_status":"closed","template":"","meta":{"_eb_attr":"","ocean_post_layout":"","ocean_both_sidebars_style":"","ocean_both_sidebars_content_width":0,"ocean_both_sidebars_sidebars_width":0,"ocean_sidebar":"","ocean_second_sidebar":"","ocean_disable_margins":"enable","ocean_add_body_class":"","ocean_shortcode_before_top_bar":"","ocean_shortcode_after_top_bar":"","ocean_shortcode_before_header":"","ocean_shortcode_after_header":"","ocean_has_shortcode":"","ocean_shortcode_after_title":"","ocean_shortcode_before_footer_widgets":"","ocean_shortcode_after_footer_widgets":"","ocean_shortcode_before_footer_bottom":"","ocean_shortcode_after_footer_bottom":"","ocean_display_top_bar":"default","ocean_display_header":"default","ocean_header_style":"","ocean_center_header_left_menu":"","ocean_custom_header_template":"","ocean_custom_logo":0,"ocean_custom_retina_logo":0,"ocean_custom_logo_max_width":0,"ocean_custom_logo_tablet_max_width":0,"ocean_custom_logo_mobile_max_width":0,"ocean_custom_logo_max_height":0,"ocean_custom_logo_tablet_max_height":0,"ocean_custom_logo_mobile_max_height":0,"ocean_header_custom_menu":"","ocean_menu_typo_font_family":"","ocean_menu_typo_font_subset":"","ocean_menu_typo_font_size":0,"ocean_menu_typo_font_size_tablet":0,"ocean_menu_typo_font_size_mobile":0,"ocean_menu_typo_font_size_unit":"px","ocean_menu_typo_font_weight":"","ocean_menu_typo_font_weight_tablet":"","ocean_menu_typo_font_weight_mobile":"","ocean_menu_typo_transform":"","ocean_menu_typo_transform_tablet":"","ocean_menu_typo_transform_mobile":"","ocean_menu_typo_line_height":0,"ocean_menu_typo_line_height_tablet":0,"ocean_menu_typo_line_height_mobile":0,"ocean_menu_typo_line_height_unit":"","ocean_menu_typo_spacing":0,"ocean_menu_typo_spacing_tablet":0,"ocean_menu_typo_spacing_mobile":0,"ocean_menu_typo_spacing_unit":"","ocean_menu_link_color":"","ocean_menu_link_color_hover":"","ocean_menu_link_color_active":"","ocean_menu_link_background":"","ocean_menu_link_hover_background":"","ocean_menu_link_active_background":"","ocean_menu_social_links_bg":"","ocean_menu_social_hover_links_bg":"","ocean_menu_social_links_color":"","ocean_menu_social_hover_links_color":"","ocean_disable_title":"default","ocean_disable_heading":"default","ocean_post_title":"","ocean_post_subheading":"","ocean_post_title_style":"","ocean_post_title_background_color":"","ocean_post_title_background":0,"ocean_post_title_bg_image_position":"","ocean_post_title_bg_image_attachment":"","ocean_post_title_bg_image_repeat":"","ocean_post_title_bg_image_size":"","ocean_post_title_height":0,"ocean_post_title_bg_overlay":0.5,"ocean_post_title_bg_overlay_color":"","ocean_disable_breadcrumbs":"default","ocean_breadcrumbs_color":"","ocean_breadcrumbs_separator_color":"","ocean_breadcrumbs_links_color":"","ocean_breadcrumbs_links_hover_color":"","ocean_display_footer_widgets":"default","ocean_display_footer_bottom":"default","ocean_custom_footer_template":"","footnotes":""},"class_list":["post-7265","page","type-page","status-publish","hentry","entry"],"yoast_head":"<!-- This site is optimized with the Yoast SEO plugin v27.4 - https:\/\/yoast.com\/product\/yoast-seo-wordpress\/ -->\n<title>ZIRKUS ZUM LESEN Zeit f\u00fcr ZirkusZIRKUS ZUM LESEN - Zeit f\u00fcr Zirkus<\/title>\n<meta name=\"description\" content=\"Zirkus Zum Lesen bietet Beitr\u00e4ge der Berichterstattung zu ZEIT F\u00dcR ZIRKUS - ZEIT ZUM REDEN zum Nachlesen rund um die Veranstaltungsformate Zeitgen\u00f6ssischer Zirkuskunst in und aus Deutschland.\" \/>\n<meta name=\"robots\" content=\"index, follow, max-snippet:-1, max-image-preview:large, max-video-preview:-1\" \/>\n<link rel=\"canonical\" href=\"https:\/\/zeitfuerzirkus.de\/en\/zirkus-zum-lesen\/\" \/>\n<meta property=\"og:locale\" content=\"en_US\" \/>\n<meta property=\"og:type\" content=\"article\" \/>\n<meta property=\"og:title\" content=\"ZIRKUS ZUM LESEN Zeit f\u00fcr ZirkusZIRKUS ZUM LESEN - Zeit f\u00fcr Zirkus\" \/>\n<meta property=\"og:description\" content=\"Zirkus Zum Lesen bietet Beitr\u00e4ge der Berichterstattung zu ZEIT F\u00dcR ZIRKUS - ZEIT ZUM REDEN zum Nachlesen rund um die Veranstaltungsformate Zeitgen\u00f6ssischer Zirkuskunst in und aus Deutschland.\" \/>\n<meta property=\"og:url\" content=\"https:\/\/zeitfuerzirkus.de\/en\/zirkus-zum-lesen\/\" \/>\n<meta property=\"og:site_name\" content=\"Zeit f\u00fcr Zirkus\" \/>\n<meta property=\"article:modified_time\" content=\"2025-12-02T09:40:18+00:00\" \/>\n<meta property=\"og:image\" content=\"https:\/\/zeitfuerzirkus.de\/wp-content\/uploads\/2025\/09\/Banner-ZEIT-ZUM-REDEN_ohne-Logos.png\" \/>\n\t<meta property=\"og:image:width\" content=\"1000\" \/>\n\t<meta property=\"og:image:height\" content=\"250\" \/>\n\t<meta property=\"og:image:type\" content=\"image\/png\" \/>\n<meta name=\"twitter:card\" content=\"summary_large_image\" \/>\n<meta name=\"twitter:label1\" content=\"Est. reading time\" \/>\n\t<meta name=\"twitter:data1\" content=\"2 minutes\" \/>\n<script type=\"application\/ld+json\" class=\"yoast-schema-graph\">{\"@context\":\"https:\\\/\\\/schema.org\",\"@graph\":[{\"@type\":\"WebPage\",\"@id\":\"https:\\\/\\\/zeitfuerzirkus.de\\\/zirkus-zum-lesen\",\"url\":\"https:\\\/\\\/zeitfuerzirkus.de\\\/zirkus-zum-lesen\",\"name\":\"ZIRKUS ZUM LESEN Zeit f\u00fcr ZirkusZIRKUS ZUM LESEN - Zeit f\u00fcr Zirkus\",\"isPartOf\":{\"@id\":\"https:\\\/\\\/zeitfuerzirkus.de\\\/#website\"},\"primaryImageOfPage\":{\"@id\":\"https:\\\/\\\/zeitfuerzirkus.de\\\/zirkus-zum-lesen#primaryimage\"},\"image\":{\"@id\":\"https:\\\/\\\/zeitfuerzirkus.de\\\/zirkus-zum-lesen#primaryimage\"},\"thumbnailUrl\":\"https:\\\/\\\/zeitfuerzirkus.de\\\/wp-content\\\/uploads\\\/2025\\\/09\\\/Banner-ZEIT-ZUM-REDEN_ohne-Logos.png\",\"datePublished\":\"2025-11-15T16:22:21+00:00\",\"dateModified\":\"2025-12-02T09:40:18+00:00\",\"description\":\"Zirkus Zum Lesen bietet Beitr\u00e4ge der Berichterstattung zu ZEIT F\u00dcR ZIRKUS - ZEIT ZUM REDEN zum Nachlesen rund um die Veranstaltungsformate Zeitgen\u00f6ssischer Zirkuskunst in und aus Deutschland.\",\"breadcrumb\":{\"@id\":\"https:\\\/\\\/zeitfuerzirkus.de\\\/zirkus-zum-lesen#breadcrumb\"},\"inLanguage\":\"en-US\",\"potentialAction\":[{\"@type\":\"ReadAction\",\"target\":[\"https:\\\/\\\/zeitfuerzirkus.de\\\/zirkus-zum-lesen\"]}]},{\"@type\":\"ImageObject\",\"inLanguage\":\"en-US\",\"@id\":\"https:\\\/\\\/zeitfuerzirkus.de\\\/zirkus-zum-lesen#primaryimage\",\"url\":\"https:\\\/\\\/zeitfuerzirkus.de\\\/wp-content\\\/uploads\\\/2025\\\/09\\\/Banner-ZEIT-ZUM-REDEN_ohne-Logos.png\",\"contentUrl\":\"https:\\\/\\\/zeitfuerzirkus.de\\\/wp-content\\\/uploads\\\/2025\\\/09\\\/Banner-ZEIT-ZUM-REDEN_ohne-Logos.png\"},{\"@type\":\"BreadcrumbList\",\"@id\":\"https:\\\/\\\/zeitfuerzirkus.de\\\/zirkus-zum-lesen#breadcrumb\",\"itemListElement\":[{\"@type\":\"ListItem\",\"position\":1,\"name\":\"Startseite\",\"item\":\"https:\\\/\\\/zeitfuerzirkus.de\\\/\"},{\"@type\":\"ListItem\",\"position\":2,\"name\":\"ZIRKUS ZUM LESEN\"}]},{\"@type\":\"WebSite\",\"@id\":\"https:\\\/\\\/zeitfuerzirkus.de\\\/#website\",\"url\":\"https:\\\/\\\/zeitfuerzirkus.de\\\/\",\"name\":\"Zeit f\u00fcr Zirkus\",\"description\":\"La Nuit du Cirque\",\"publisher\":{\"@id\":\"https:\\\/\\\/zeitfuerzirkus.de\\\/#organization\"},\"potentialAction\":[{\"@type\":\"SearchAction\",\"target\":{\"@type\":\"EntryPoint\",\"urlTemplate\":\"https:\\\/\\\/zeitfuerzirkus.de\\\/?s={search_term_string}\"},\"query-input\":{\"@type\":\"PropertyValueSpecification\",\"valueRequired\":true,\"valueName\":\"search_term_string\"}}],\"inLanguage\":\"en-US\"},{\"@type\":\"Organization\",\"@id\":\"https:\\\/\\\/zeitfuerzirkus.de\\\/#organization\",\"name\":\"Zeit f\u00fcr Zirkus\",\"url\":\"https:\\\/\\\/zeitfuerzirkus.de\\\/\",\"logo\":{\"@type\":\"ImageObject\",\"inLanguage\":\"en-US\",\"@id\":\"https:\\\/\\\/zeitfuerzirkus.de\\\/#\\\/schema\\\/logo\\\/image\\\/\",\"url\":\"https:\\\/\\\/i0.wp.com\\\/zeitfuerzirkus.de\\\/wp-content\\\/uploads\\\/2021\\\/10\\\/Zeitfu\u0308rzirkus_Logo_Kompakt_Gru\u0308n.png?fit=500%2C500&ssl=1\",\"contentUrl\":\"https:\\\/\\\/i0.wp.com\\\/zeitfuerzirkus.de\\\/wp-content\\\/uploads\\\/2021\\\/10\\\/Zeitfu\u0308rzirkus_Logo_Kompakt_Gru\u0308n.png?fit=500%2C500&ssl=1\",\"width\":500,\"height\":500,\"caption\":\"Zeit f\u00fcr Zirkus\"},\"image\":{\"@id\":\"https:\\\/\\\/zeitfuerzirkus.de\\\/#\\\/schema\\\/logo\\\/image\\\/\"}}]}<\/script>\n<!-- \/ Yoast SEO plugin. -->","yoast_head_json":{"title":"ZIRKUS ZUM LESEN Zeit f\u00fcr ZirkusZIRKUS ZUM LESEN - Zeit f\u00fcr Zirkus","description":"Zirkus Zum Lesen bietet Beitr\u00e4ge der Berichterstattung zu ZEIT F\u00dcR ZIRKUS - ZEIT ZUM REDEN zum Nachlesen rund um die Veranstaltungsformate Zeitgen\u00f6ssischer Zirkuskunst in und aus Deutschland.","robots":{"index":"index","follow":"follow","max-snippet":"max-snippet:-1","max-image-preview":"max-image-preview:large","max-video-preview":"max-video-preview:-1"},"canonical":"https:\/\/zeitfuerzirkus.de\/en\/zirkus-zum-lesen\/","og_locale":"en_US","og_type":"article","og_title":"ZIRKUS ZUM LESEN Zeit f\u00fcr ZirkusZIRKUS ZUM LESEN - Zeit f\u00fcr Zirkus","og_description":"Zirkus Zum Lesen bietet Beitr\u00e4ge der Berichterstattung zu ZEIT F\u00dcR ZIRKUS - ZEIT ZUM REDEN zum Nachlesen rund um die Veranstaltungsformate Zeitgen\u00f6ssischer Zirkuskunst in und aus Deutschland.","og_url":"https:\/\/zeitfuerzirkus.de\/en\/zirkus-zum-lesen\/","og_site_name":"Zeit f\u00fcr Zirkus","article_modified_time":"2025-12-02T09:40:18+00:00","og_image":[{"width":1000,"height":250,"url":"https:\/\/zeitfuerzirkus.de\/wp-content\/uploads\/2025\/09\/Banner-ZEIT-ZUM-REDEN_ohne-Logos.png","type":"image\/png"}],"twitter_card":"summary_large_image","twitter_misc":{"Est. reading time":"2 minutes"},"schema":{"@context":"https:\/\/schema.org","@graph":[{"@type":"WebPage","@id":"https:\/\/zeitfuerzirkus.de\/zirkus-zum-lesen","url":"https:\/\/zeitfuerzirkus.de\/zirkus-zum-lesen","name":"ZIRKUS ZUM LESEN Zeit f\u00fcr ZirkusZIRKUS ZUM LESEN - Zeit f\u00fcr Zirkus","isPartOf":{"@id":"https:\/\/zeitfuerzirkus.de\/#website"},"primaryImageOfPage":{"@id":"https:\/\/zeitfuerzirkus.de\/zirkus-zum-lesen#primaryimage"},"image":{"@id":"https:\/\/zeitfuerzirkus.de\/zirkus-zum-lesen#primaryimage"},"thumbnailUrl":"https:\/\/zeitfuerzirkus.de\/wp-content\/uploads\/2025\/09\/Banner-ZEIT-ZUM-REDEN_ohne-Logos.png","datePublished":"2025-11-15T16:22:21+00:00","dateModified":"2025-12-02T09:40:18+00:00","description":"Zirkus Zum Lesen bietet Beitr\u00e4ge der Berichterstattung zu ZEIT F\u00dcR ZIRKUS - ZEIT ZUM REDEN zum Nachlesen rund um die Veranstaltungsformate Zeitgen\u00f6ssischer Zirkuskunst in und aus Deutschland.","breadcrumb":{"@id":"https:\/\/zeitfuerzirkus.de\/zirkus-zum-lesen#breadcrumb"},"inLanguage":"en-US","potentialAction":[{"@type":"ReadAction","target":["https:\/\/zeitfuerzirkus.de\/zirkus-zum-lesen"]}]},{"@type":"ImageObject","inLanguage":"en-US","@id":"https:\/\/zeitfuerzirkus.de\/zirkus-zum-lesen#primaryimage","url":"https:\/\/zeitfuerzirkus.de\/wp-content\/uploads\/2025\/09\/Banner-ZEIT-ZUM-REDEN_ohne-Logos.png","contentUrl":"https:\/\/zeitfuerzirkus.de\/wp-content\/uploads\/2025\/09\/Banner-ZEIT-ZUM-REDEN_ohne-Logos.png"},{"@type":"BreadcrumbList","@id":"https:\/\/zeitfuerzirkus.de\/zirkus-zum-lesen#breadcrumb","itemListElement":[{"@type":"ListItem","position":1,"name":"Startseite","item":"https:\/\/zeitfuerzirkus.de\/"},{"@type":"ListItem","position":2,"name":"ZIRKUS ZUM LESEN"}]},{"@type":"WebSite","@id":"https:\/\/zeitfuerzirkus.de\/#website","url":"https:\/\/zeitfuerzirkus.de\/","name":"Zeit f\u00fcr Zirkus","description":"La Nuit Du Cirque","publisher":{"@id":"https:\/\/zeitfuerzirkus.de\/#organization"},"potentialAction":[{"@type":"SearchAction","target":{"@type":"EntryPoint","urlTemplate":"https:\/\/zeitfuerzirkus.de\/?s={search_term_string}"},"query-input":{"@type":"PropertyValueSpecification","valueRequired":true,"valueName":"search_term_string"}}],"inLanguage":"en-US"},{"@type":"Organization","@id":"https:\/\/zeitfuerzirkus.de\/#organization","name":"Zeit f\u00fcr Zirkus","url":"https:\/\/zeitfuerzirkus.de\/","logo":{"@type":"ImageObject","inLanguage":"en-US","@id":"https:\/\/zeitfuerzirkus.de\/#\/schema\/logo\/image\/","url":"https:\/\/i0.wp.com\/zeitfuerzirkus.de\/wp-content\/uploads\/2021\/10\/Zeitfu\u0308rzirkus_Logo_Kompakt_Gru\u0308n.png?fit=500%2C500&ssl=1","contentUrl":"https:\/\/i0.wp.com\/zeitfuerzirkus.de\/wp-content\/uploads\/2021\/10\/Zeitfu\u0308rzirkus_Logo_Kompakt_Gru\u0308n.png?fit=500%2C500&ssl=1","width":500,"height":500,"caption":"Zeit f\u00fcr Zirkus"},"image":{"@id":"https:\/\/zeitfuerzirkus.de\/#\/schema\/logo\/image\/"}}]}},"_links":{"self":[{"href":"https:\/\/zeitfuerzirkus.de\/en\/wp-json\/wp\/v2\/pages\/7265","targetHints":{"allow":["GET"]}}],"collection":[{"href":"https:\/\/zeitfuerzirkus.de\/en\/wp-json\/wp\/v2\/pages"}],"about":[{"href":"https:\/\/zeitfuerzirkus.de\/en\/wp-json\/wp\/v2\/types\/page"}],"author":[{"embeddable":true,"href":"https:\/\/zeitfuerzirkus.de\/en\/wp-json\/wp\/v2\/users\/11"}],"replies":[{"embeddable":true,"href":"https:\/\/zeitfuerzirkus.de\/en\/wp-json\/wp\/v2\/comments?post=7265"}],"version-history":[{"count":14,"href":"https:\/\/zeitfuerzirkus.de\/en\/wp-json\/wp\/v2\/pages\/7265\/revisions"}],"predecessor-version":[{"id":8014,"href":"https:\/\/zeitfuerzirkus.de\/en\/wp-json\/wp\/v2\/pages\/7265\/revisions\/8014"}],"wp:attachment":[{"href":"https:\/\/zeitfuerzirkus.de\/en\/wp-json\/wp\/v2\/media?parent=7265"}],"curies":[{"name":"wp","href":"https:\/\/api.w.org\/{rel}","templated":true}]}}