{"id":5477,"date":"2023-09-25T06:02:18","date_gmt":"2023-09-25T06:02:18","guid":{"rendered":"https:\/\/zeitfuerzirkus.de\/?page_id=5477"},"modified":"2025-08-01T08:29:28","modified_gmt":"2025-08-01T08:29:28","slug":"pressebereich-2025","status":"publish","type":"page","link":"https:\/\/zeitfuerzirkus.de\/en\/pressebereich-2025","title":{"rendered":"Press"},"content":{"rendered":"<h2 class=\"wp-block-heading has-black-color has-text-color has-large-font-size\" id=\"pressebereich\">Press<\/h2>\n\n\n\n<p>Willkommen im Pressebereich f\u00fcr ZEIT ZUM REDEN. <\/p>\n\n\n\n<p>Die 5. bundesweite Festivaledition ZEIT F\u00dcR ZIRKUS wird 2025 erstmals um ein Begleit- und Diskursprogramm unter dem Titel ZEIT ZUM REDEN erweitert, das Dank der Netzwerkf\u00f6rderung des Fonds Darstellende K\u00fcnste erm\u00f6glicht wird. Unsere\u00a0<a href=\"https:\/\/drive.google.com\/drive\/folders\/1EWsfn-21Mjj_xJyumkp7TaId2d8dqFnD?usp=drive_link\" target=\"_blank\" rel=\"noreferrer noopener\">digitale Pressemappe<\/a>\u00a0bietet Ihnen ab Oktober 2025 Hintergrundinformationen zu diesem Diskursprogramm, den Mitwirkenden sowie\u00a0ausgew\u00e4hlte Fotos in druckf\u00e4higer Aufl\u00f6sung.<\/p>\n\n\n\n<p>Die Bilder stehen Ihnen honorarfrei ausschlie\u00dflich im Zusammenhang mit&nbsp;den Veranstaltungen von ZEIT ZUM REDEN und bei Nennung&nbsp;von K\u00fcnstler:in\/Company, St\u00fccktitel, Veranstalter:in, Stadt sowie&nbsp;Fotograf:in zur Verf\u00fcgung. Die&nbsp;Angaben zum Copyright entnehmen Sie bitte den Datei-Informationen.&nbsp;<br><br>F\u00fcr Ihre Berichterstattung zu ZEIT ZUM REDEN stellen wir Ihnen gerne auch Pressekarten f\u00fcr das k\u00fcnstlerische Programm im Rahmen von ZEIT F\u00dcR ZIRKUS zur&nbsp;Verf\u00fcgung. Bei Interviewanfragen oder&nbsp;Fragen zu Fototerminen sind wir&nbsp;nat\u00fcrlich ebenfalls f\u00fcr Sie da.&nbsp;Wenden Sie sich einfach direkt per Mail&nbsp;an&nbsp;uns:&nbsp;<a class=\"\" href=\"mailto:presse@k3berlin.de\">presse@k3berlin.de<\/a><br>Wir freuen uns \u00fcber ein Belegexemplar Ihrer Berichterstattung.<\/p>\n\n\n\n<p><strong><u class=\"\">Kontakt<\/u><br>k3 berlin<\/strong><br>Kontor f\u00fcr Kultur und Kommunikation<br>B\u00fclowstr. 66<br>D-10783 Berlin<br>T: +49 (0)30 695 695 24<br><a class=\"\" href=\"mailto:presse@k3berlin.de\">Email: presse@k3berlin.de<\/a><\/p>\n\n\n\n\n\n<div style=\"height:40px\" aria-hidden=\"true\" class=\"wp-block-spacer\"><\/div>","protected":false},"excerpt":{"rendered":"<p>Pressebereich Willkommen im Pressebereich f\u00fcr ZEIT ZUM REDEN. Die 5. bundesweite Festivaledition ZEIT F\u00dcR ZIRKUS wird 2025 erstmals um ein Begleit- und Diskursprogramm unter dem Titel ZEIT ZUM REDEN erweitert, das Dank der Netzwerkf\u00f6rderung des Fonds Darstellende K\u00fcnste erm\u00f6glicht wird. Unsere\u00a0digitale Pressemappe\u00a0bietet Ihnen ab Oktober 2025 Hintergrundinformationen zu diesem Diskursprogramm, den Mitwirkenden sowie\u00a0ausgew\u00e4hlte Fotos in [&hellip;]<\/p>\n","protected":false},"author":1,"featured_media":0,"parent":0,"menu_order":0,"comment_status":"closed","ping_status":"closed","template":"","meta":{"_eb_attr":"","ocean_post_layout":"","ocean_both_sidebars_style":"","ocean_both_sidebars_content_width":0,"ocean_both_sidebars_sidebars_width":0,"ocean_sidebar":"","ocean_second_sidebar":"","ocean_disable_margins":"enable","ocean_add_body_class":"","ocean_shortcode_before_top_bar":"","ocean_shortcode_after_top_bar":"","ocean_shortcode_before_header":"","ocean_shortcode_after_header":"","ocean_has_shortcode":"","ocean_shortcode_after_title":"","ocean_shortcode_before_footer_widgets":"","ocean_shortcode_after_footer_widgets":"","ocean_shortcode_before_footer_bottom":"","ocean_shortcode_after_footer_bottom":"","ocean_display_top_bar":"default","ocean_display_header":"default","ocean_header_style":"","ocean_center_header_left_menu":"","ocean_custom_header_template":"","ocean_custom_logo":0,"ocean_custom_retina_logo":0,"ocean_custom_logo_max_width":0,"ocean_custom_logo_tablet_max_width":0,"ocean_custom_logo_mobile_max_width":0,"ocean_custom_logo_max_height":0,"ocean_custom_logo_tablet_max_height":0,"ocean_custom_logo_mobile_max_height":0,"ocean_header_custom_menu":"","ocean_menu_typo_font_family":"","ocean_menu_typo_font_subset":"","ocean_menu_typo_font_size":0,"ocean_menu_typo_font_size_tablet":0,"ocean_menu_typo_font_size_mobile":0,"ocean_menu_typo_font_size_unit":"px","ocean_menu_typo_font_weight":"","ocean_menu_typo_font_weight_tablet":"","ocean_menu_typo_font_weight_mobile":"","ocean_menu_typo_transform":"","ocean_menu_typo_transform_tablet":"","ocean_menu_typo_transform_mobile":"","ocean_menu_typo_line_height":0,"ocean_menu_typo_line_height_tablet":0,"ocean_menu_typo_line_height_mobile":0,"ocean_menu_typo_line_height_unit":"","ocean_menu_typo_spacing":0,"ocean_menu_typo_spacing_tablet":0,"ocean_menu_typo_spacing_mobile":0,"ocean_menu_typo_spacing_unit":"","ocean_menu_link_color":"","ocean_menu_link_color_hover":"","ocean_menu_link_color_active":"","ocean_menu_link_background":"","ocean_menu_link_hover_background":"","ocean_menu_link_active_background":"","ocean_menu_social_links_bg":"","ocean_menu_social_hover_links_bg":"","ocean_menu_social_links_color":"","ocean_menu_social_hover_links_color":"","ocean_disable_title":"default","ocean_disable_heading":"default","ocean_post_title":"","ocean_post_subheading":"","ocean_post_title_style":"","ocean_post_title_background_color":"","ocean_post_title_background":0,"ocean_post_title_bg_image_position":"","ocean_post_title_bg_image_attachment":"","ocean_post_title_bg_image_repeat":"","ocean_post_title_bg_image_size":"","ocean_post_title_height":0,"ocean_post_title_bg_overlay":0.5,"ocean_post_title_bg_overlay_color":"","ocean_disable_breadcrumbs":"default","ocean_breadcrumbs_color":"","ocean_breadcrumbs_separator_color":"","ocean_breadcrumbs_links_color":"","ocean_breadcrumbs_links_hover_color":"","ocean_display_footer_widgets":"default","ocean_display_footer_bottom":"default","ocean_custom_footer_template":"","footnotes":""},"class_list":["post-5477","page","type-page","status-publish","hentry","entry"],"yoast_head":"<!-- This site is optimized with the Yoast SEO plugin v27.3 - https:\/\/yoast.com\/product\/yoast-seo-wordpress\/ -->\n<title>Pressebereich Zeit f\u00fcr ZirkusPressebereich - Zeit f\u00fcr Zirkus<\/title>\n<meta name=\"description\" content=\"Willkommen im Pressebereich von &quot;Zeit f\u00fcr Zirkus:Zeit zum Reden&quot; mit ausf\u00fchrlichen Textinformationen, sowie ausgew\u00e4hlten Fotos in druckf\u00e4higer Aufl\u00f6sung.\" \/>\n<meta name=\"robots\" content=\"index, follow, max-snippet:-1, max-image-preview:large, max-video-preview:-1\" \/>\n<link rel=\"canonical\" href=\"https:\/\/zeitfuerzirkus.de\/en\/pressebereich-2025\/\" \/>\n<meta property=\"og:locale\" content=\"en_US\" \/>\n<meta property=\"og:type\" content=\"article\" \/>\n<meta property=\"og:title\" content=\"Pressebereich Zeit f\u00fcr ZirkusPressebereich - Zeit f\u00fcr Zirkus\" \/>\n<meta property=\"og:description\" content=\"Willkommen im Pressebereich von &quot;Zeit f\u00fcr Zirkus:Zeit zum Reden&quot; mit ausf\u00fchrlichen Textinformationen, sowie ausgew\u00e4hlten Fotos in druckf\u00e4higer Aufl\u00f6sung.\" \/>\n<meta property=\"og:url\" content=\"https:\/\/zeitfuerzirkus.de\/en\/pressebereich-2025\/\" \/>\n<meta property=\"og:site_name\" content=\"Zeit f\u00fcr Zirkus\" \/>\n<meta property=\"article:modified_time\" content=\"2025-08-01T08:29:28+00:00\" \/>\n<meta name=\"twitter:card\" content=\"summary_large_image\" \/>\n<meta name=\"twitter:label1\" content=\"Est. reading time\" \/>\n\t<meta name=\"twitter:data1\" content=\"1 minute\" \/>\n<script type=\"application\/ld+json\" class=\"yoast-schema-graph\">{\"@context\":\"https:\\\/\\\/schema.org\",\"@graph\":[{\"@type\":\"WebPage\",\"@id\":\"https:\\\/\\\/zeitfuerzirkus.de\\\/pressebereich-2025\",\"url\":\"https:\\\/\\\/zeitfuerzirkus.de\\\/pressebereich-2025\",\"name\":\"Pressebereich Zeit f\u00fcr ZirkusPressebereich - Zeit f\u00fcr Zirkus\",\"isPartOf\":{\"@id\":\"https:\\\/\\\/zeitfuerzirkus.de\\\/#website\"},\"datePublished\":\"2023-09-25T06:02:18+00:00\",\"dateModified\":\"2025-08-01T08:29:28+00:00\",\"description\":\"Willkommen im Pressebereich von \\\"Zeit f\u00fcr Zirkus:Zeit zum Reden\\\" mit ausf\u00fchrlichen Textinformationen, sowie ausgew\u00e4hlten Fotos in druckf\u00e4higer Aufl\u00f6sung.\",\"breadcrumb\":{\"@id\":\"https:\\\/\\\/zeitfuerzirkus.de\\\/pressebereich-2025#breadcrumb\"},\"inLanguage\":\"en-US\",\"potentialAction\":[{\"@type\":\"ReadAction\",\"target\":[\"https:\\\/\\\/zeitfuerzirkus.de\\\/pressebereich-2025\"]}]},{\"@type\":\"BreadcrumbList\",\"@id\":\"https:\\\/\\\/zeitfuerzirkus.de\\\/pressebereich-2025#breadcrumb\",\"itemListElement\":[{\"@type\":\"ListItem\",\"position\":1,\"name\":\"Startseite\",\"item\":\"https:\\\/\\\/zeitfuerzirkus.de\\\/\"},{\"@type\":\"ListItem\",\"position\":2,\"name\":\"Pressebereich\"}]},{\"@type\":\"WebSite\",\"@id\":\"https:\\\/\\\/zeitfuerzirkus.de\\\/#website\",\"url\":\"https:\\\/\\\/zeitfuerzirkus.de\\\/\",\"name\":\"Zeit f\u00fcr Zirkus\",\"description\":\"La Nuit du Cirque\",\"publisher\":{\"@id\":\"https:\\\/\\\/zeitfuerzirkus.de\\\/#organization\"},\"potentialAction\":[{\"@type\":\"SearchAction\",\"target\":{\"@type\":\"EntryPoint\",\"urlTemplate\":\"https:\\\/\\\/zeitfuerzirkus.de\\\/?s={search_term_string}\"},\"query-input\":{\"@type\":\"PropertyValueSpecification\",\"valueRequired\":true,\"valueName\":\"search_term_string\"}}],\"inLanguage\":\"en-US\"},{\"@type\":\"Organization\",\"@id\":\"https:\\\/\\\/zeitfuerzirkus.de\\\/#organization\",\"name\":\"Zeit f\u00fcr Zirkus\",\"url\":\"https:\\\/\\\/zeitfuerzirkus.de\\\/\",\"logo\":{\"@type\":\"ImageObject\",\"inLanguage\":\"en-US\",\"@id\":\"https:\\\/\\\/zeitfuerzirkus.de\\\/#\\\/schema\\\/logo\\\/image\\\/\",\"url\":\"https:\\\/\\\/i0.wp.com\\\/zeitfuerzirkus.de\\\/wp-content\\\/uploads\\\/2021\\\/10\\\/Zeitfu\u0308rzirkus_Logo_Kompakt_Gru\u0308n.png?fit=500%2C500&ssl=1\",\"contentUrl\":\"https:\\\/\\\/i0.wp.com\\\/zeitfuerzirkus.de\\\/wp-content\\\/uploads\\\/2021\\\/10\\\/Zeitfu\u0308rzirkus_Logo_Kompakt_Gru\u0308n.png?fit=500%2C500&ssl=1\",\"width\":500,\"height\":500,\"caption\":\"Zeit f\u00fcr Zirkus\"},\"image\":{\"@id\":\"https:\\\/\\\/zeitfuerzirkus.de\\\/#\\\/schema\\\/logo\\\/image\\\/\"}}]}<\/script>\n<!-- \/ Yoast SEO plugin. -->","yoast_head_json":{"title":"Pressebereich Zeit f\u00fcr ZirkusPressebereich - Zeit f\u00fcr Zirkus","description":"Willkommen im Pressebereich von \"Zeit f\u00fcr Zirkus:Zeit zum Reden\" mit ausf\u00fchrlichen Textinformationen, sowie ausgew\u00e4hlten Fotos in druckf\u00e4higer Aufl\u00f6sung.","robots":{"index":"index","follow":"follow","max-snippet":"max-snippet:-1","max-image-preview":"max-image-preview:large","max-video-preview":"max-video-preview:-1"},"canonical":"https:\/\/zeitfuerzirkus.de\/en\/pressebereich-2025\/","og_locale":"en_US","og_type":"article","og_title":"Pressebereich Zeit f\u00fcr ZirkusPressebereich - Zeit f\u00fcr Zirkus","og_description":"Willkommen im Pressebereich von \"Zeit f\u00fcr Zirkus:Zeit zum Reden\" mit ausf\u00fchrlichen Textinformationen, sowie ausgew\u00e4hlten Fotos in druckf\u00e4higer Aufl\u00f6sung.","og_url":"https:\/\/zeitfuerzirkus.de\/en\/pressebereich-2025\/","og_site_name":"Zeit f\u00fcr Zirkus","article_modified_time":"2025-08-01T08:29:28+00:00","twitter_card":"summary_large_image","twitter_misc":{"Est. reading time":"1 minute"},"schema":{"@context":"https:\/\/schema.org","@graph":[{"@type":"WebPage","@id":"https:\/\/zeitfuerzirkus.de\/pressebereich-2025","url":"https:\/\/zeitfuerzirkus.de\/pressebereich-2025","name":"Pressebereich Zeit f\u00fcr ZirkusPressebereich - Zeit f\u00fcr Zirkus","isPartOf":{"@id":"https:\/\/zeitfuerzirkus.de\/#website"},"datePublished":"2023-09-25T06:02:18+00:00","dateModified":"2025-08-01T08:29:28+00:00","description":"Willkommen im Pressebereich von \"Zeit f\u00fcr Zirkus:Zeit zum Reden\" mit ausf\u00fchrlichen Textinformationen, sowie ausgew\u00e4hlten Fotos in druckf\u00e4higer Aufl\u00f6sung.","breadcrumb":{"@id":"https:\/\/zeitfuerzirkus.de\/pressebereich-2025#breadcrumb"},"inLanguage":"en-US","potentialAction":[{"@type":"ReadAction","target":["https:\/\/zeitfuerzirkus.de\/pressebereich-2025"]}]},{"@type":"BreadcrumbList","@id":"https:\/\/zeitfuerzirkus.de\/pressebereich-2025#breadcrumb","itemListElement":[{"@type":"ListItem","position":1,"name":"Startseite","item":"https:\/\/zeitfuerzirkus.de\/"},{"@type":"ListItem","position":2,"name":"Pressebereich"}]},{"@type":"WebSite","@id":"https:\/\/zeitfuerzirkus.de\/#website","url":"https:\/\/zeitfuerzirkus.de\/","name":"Zeit f\u00fcr Zirkus","description":"La Nuit Du Cirque","publisher":{"@id":"https:\/\/zeitfuerzirkus.de\/#organization"},"potentialAction":[{"@type":"SearchAction","target":{"@type":"EntryPoint","urlTemplate":"https:\/\/zeitfuerzirkus.de\/?s={search_term_string}"},"query-input":{"@type":"PropertyValueSpecification","valueRequired":true,"valueName":"search_term_string"}}],"inLanguage":"en-US"},{"@type":"Organization","@id":"https:\/\/zeitfuerzirkus.de\/#organization","name":"Zeit f\u00fcr Zirkus","url":"https:\/\/zeitfuerzirkus.de\/","logo":{"@type":"ImageObject","inLanguage":"en-US","@id":"https:\/\/zeitfuerzirkus.de\/#\/schema\/logo\/image\/","url":"https:\/\/i0.wp.com\/zeitfuerzirkus.de\/wp-content\/uploads\/2021\/10\/Zeitfu\u0308rzirkus_Logo_Kompakt_Gru\u0308n.png?fit=500%2C500&ssl=1","contentUrl":"https:\/\/i0.wp.com\/zeitfuerzirkus.de\/wp-content\/uploads\/2021\/10\/Zeitfu\u0308rzirkus_Logo_Kompakt_Gru\u0308n.png?fit=500%2C500&ssl=1","width":500,"height":500,"caption":"Zeit f\u00fcr Zirkus"},"image":{"@id":"https:\/\/zeitfuerzirkus.de\/#\/schema\/logo\/image\/"}}]}},"_links":{"self":[{"href":"https:\/\/zeitfuerzirkus.de\/en\/wp-json\/wp\/v2\/pages\/5477","targetHints":{"allow":["GET"]}}],"collection":[{"href":"https:\/\/zeitfuerzirkus.de\/en\/wp-json\/wp\/v2\/pages"}],"about":[{"href":"https:\/\/zeitfuerzirkus.de\/en\/wp-json\/wp\/v2\/types\/page"}],"author":[{"embeddable":true,"href":"https:\/\/zeitfuerzirkus.de\/en\/wp-json\/wp\/v2\/users\/1"}],"replies":[{"embeddable":true,"href":"https:\/\/zeitfuerzirkus.de\/en\/wp-json\/wp\/v2\/comments?post=5477"}],"version-history":[{"count":13,"href":"https:\/\/zeitfuerzirkus.de\/en\/wp-json\/wp\/v2\/pages\/5477\/revisions"}],"predecessor-version":[{"id":6783,"href":"https:\/\/zeitfuerzirkus.de\/en\/wp-json\/wp\/v2\/pages\/5477\/revisions\/6783"}],"wp:attachment":[{"href":"https:\/\/zeitfuerzirkus.de\/en\/wp-json\/wp\/v2\/media?parent=5477"}],"curies":[{"name":"wp","href":"https:\/\/api.w.org\/{rel}","templated":true}]}}